{"id":2556,"date":"2024-04-19T20:58:34","date_gmt":"2024-04-19T18:58:34","guid":{"rendered":"https:\/\/riviera.wavetag.tn\/?post_type=product&#038;p=2556"},"modified":"2024-04-24T15:12:16","modified_gmt":"2024-04-24T13:12:16","slug":"salade-de-poulpes-a-lhuile-barquette","status":"publish","type":"product","link":"https:\/\/riviera.wavetag.tn\/?product=salade-de-poulpes-a-lhuile-barquette","title":{"rendered":"Salade de poulpes \u00e0 l&#8217;huile &#8211; barquette"},"content":{"rendered":"","protected":false},"excerpt":{"rendered":"<p><em><strong>Salade de poulpes extra 100%<\/strong><\/em><\/p>\n<p><em><strong>Le produit star de la famille des antipasti.<\/strong><\/em><\/p>\n<p><em><strong>A l&#8217;huile pr\u00eat \u00e0 \u00eatre consomm\u00e9<\/strong><\/em><\/p>\n<p><em><strong>Au naturel, pour les professionnels souhaitant le pr\u00e9parer \u00e0 leur mani\u00e8re.<\/strong><\/em><\/p>\n","protected":false},"featured_media":2591,"template":"","meta":{"_monsterinsights_skip_tracking":false,"_monsterinsights_sitenote_active":false,"_monsterinsights_sitenote_note":"","_monsterinsights_sitenote_category":0},"product_cat":[88],"product_tag":[],"class_list":{"0":"post-2556","1":"product","2":"type-product","3":"status-publish","4":"has-post-thumbnail","6":"product_cat-antipasti-de-la-mer","8":"first","9":"instock","10":"shipping-taxable","11":"product-type-simple","12":"w-new-badge"},"aioseo_notices":[],"_links":{"self":[{"href":"https:\/\/riviera.wavetag.tn\/index.php?rest_route=\/wp\/v2\/product\/2556","targetHints":{"allow":["GET"]}}],"collection":[{"href":"https:\/\/riviera.wavetag.tn\/index.php?rest_route=\/wp\/v2\/product"}],"about":[{"href":"https:\/\/riviera.wavetag.tn\/index.php?rest_route=\/wp\/v2\/types\/product"}],"wp:featuredmedia":[{"embeddable":true,"href":"https:\/\/riviera.wavetag.tn\/index.php?rest_route=\/wp\/v2\/media\/2591"}],"wp:attachment":[{"href":"https:\/\/riviera.wavetag.tn\/index.php?rest_route=%2Fwp%2Fv2%2Fmedia&parent=2556"}],"wp:term":[{"taxonomy":"product_cat","embeddable":true,"href":"https:\/\/riviera.wavetag.tn\/index.php?rest_route=%2Fwp%2Fv2%2Fproduct_cat&post=2556"},{"taxonomy":"product_tag","embeddable":true,"href":"https:\/\/riviera.wavetag.tn\/index.php?rest_route=%2Fwp%2Fv2%2Fproduct_tag&post=2556"}],"curies":[{"name":"wp","href":"https:\/\/api.w.org\/{rel}","templated":true}]}}